{"id":9,"date":"2023-06-03T07:22:34","date_gmt":"2023-06-03T07:22:34","guid":{"rendered":"http:\/\/wishyourlife.de\/?page_id=9"},"modified":"2023-07-20T15:34:50","modified_gmt":"2023-07-20T15:34:50","slug":"shamanic-coaching","status":"publish","type":"page","link":"https:\/\/wishyourlife.de\/en\/shamanic-coaching\/","title":{"rendered":"Shamanic coaching"},"content":{"rendered":"<h2>SHAMANIC COACHING<\/h2>\n<h6>My proven method<\/h6>\n<p>My Shamanic Executive Coaching starts where classical Life and Business Coaching reach their limits. I go to a level of your subconscious that only very few can reach themselves.<\/p>\n<p>\t\t\t\t\t\t\t\t\t\t\t\t<img decoding=\"async\" width=\"3141\" height=\"2897\" src=\"https:\/\/wishyourlife.de\/wp-content\/uploads\/2023\/06\/ck-1.svg\" alt=\"\" loading=\"lazy\" \/>\t\t\t\t\t\t\t\t\t\t\t\t\t\t<\/p>\n<h2>Shamanism<\/h2>\n<p>I work with you in a deep trance on a soul level.<\/p>\n<p>\t\t\t\t\t\t\t\t\t\t\t\t<img decoding=\"async\" width=\"3789\" height=\"3412\" src=\"https:\/\/wishyourlife.de\/wp-content\/uploads\/2023\/06\/ck-3.svg\" alt=\"\" loading=\"lazy\" \/>\t\t\t\t\t\t\t\t\t\t\t\t\t\t<\/p>\n<h2>Coaching<\/h2>\n<p>For your topics I use<br \/>proven NLP-techniques.<\/p>\n<p>\t\t\t\t\t\t\t\t\t\t\t\t<img decoding=\"async\" width=\"2027\" height=\"3684\" src=\"https:\/\/wishyourlife.de\/wp-content\/uploads\/2023\/06\/ck-lavender.svg\" alt=\"\" loading=\"lazy\" \/><br \/>\n\t\t\t\t\t\t\t\t\t\t\t\t<img decoding=\"async\" width=\"3834\" height=\"3992\" src=\"https:\/\/wishyourlife.de\/wp-content\/uploads\/2023\/06\/ck-2.svg\" alt=\"\" loading=\"lazy\" \/>\t\t\t\t\t\t\t\t\t\t\t\t\t\t<\/p>\n<h2>Energy work<\/h2>\n<p>I clear the blockages from your energy field.<\/p>\n<p>\t\t\t\t\t\t\t\t\t\t\t\t<img decoding=\"async\" width=\"2995\" height=\"3993\" src=\"https:\/\/wishyourlife.de\/wp-content\/uploads\/2023\/06\/ck-4.svg\" alt=\"\" loading=\"lazy\" \/>\t\t\t\t\t\t\t\t\t\t\t\t\t\t<\/p>\n<h2>Remote healing<\/h2>\n<p>We work together regardless<br \/>of time and location.<\/p>\n<p>\t\t\t\t\t\t\t\t\t\t\t\t<img decoding=\"async\" width=\"25\" height=\"25\" src=\"https:\/\/wishyourlife.de\/wp-content\/uploads\/2023\/06\/Vector-13-1.png\" alt=\"\" loading=\"lazy\" \/><br \/>\n\t\t\t\t\t\t\t\t\t\t\t\t<img decoding=\"async\" width=\"75\" height=\"75\" src=\"https:\/\/wishyourlife.de\/wp-content\/uploads\/2023\/06\/Group-643-1.png\" alt=\"\" loading=\"lazy\" \/><br \/>\n\t\t\t\t\t\t\t\t\t\t\t\t<img decoding=\"async\" width=\"25\" height=\"25\" src=\"https:\/\/wishyourlife.de\/wp-content\/uploads\/2023\/06\/Vector-13-1.png\" alt=\"\" loading=\"lazy\" \/>\t\t\t\t\t\t\t\t\t\t\t\t\t\t<\/p>\n<h6>CLAUDIA KREISCHER<\/h6>\n<h2>That's me!<\/h2>\n<p>I am Claudia Kreischer, Shamanic Coach and trainer for people like you who want to develop personally, reach their goals, or change something.\u00a0<\/p>\n<p>My professional path led me to Munich, where I found a new home with my partner.<\/p>\n<p>And the beautiful things that make my life colorful let me gather new experiences that flow into the work with you.<\/p>\n<p>Yoga, meditation, (almost) all kinds of spiritual experiences, nature, reading, cooking, gardening, being by the sea or in the mountains, traveling at all, relaxing and enjoying time with my partner...<\/p>\n<p>\t\t\t\t\t\t\t\t\t\t\t\t<img decoding=\"async\" width=\"3602\" height=\"3993\" src=\"https:\/\/wishyourlife.de\/wp-content\/uploads\/2023\/06\/ck-kenntnisse.svg\" alt=\"\" loading=\"lazy\" \/>\t\t\t\t\t\t\t\t\t\t\t\t\t\t<\/p>\n<h2>certified Business-Coach and Trainer<\/h2>\n<p>\t\t\t\t\t\t\t\t\t\t\t\t<img decoding=\"async\" width=\"3602\" height=\"3993\" src=\"https:\/\/wishyourlife.de\/wp-content\/uploads\/2023\/06\/ck-kenntnisse.svg\" alt=\"\" loading=\"lazy\" \/>\t\t\t\t\t\t\t\t\t\t\t\t\t\t<\/p>\n<h2>Reiki Level III Practitioner<\/h2>\n<p>\t\t\t\t\t\t\t\t\t\t\t\t<img decoding=\"async\" width=\"3602\" height=\"3993\" src=\"https:\/\/wishyourlife.de\/wp-content\/uploads\/2023\/06\/ck-kenntnisse.svg\" alt=\"\" loading=\"lazy\" \/>\t\t\t\t\t\t\t\t\t\t\t\t\t\t<\/p>\n<h2>Psychic Transformation Therapist<\/h2>\n<p>\t\t\t\t\t\t\t\t\t\t\t\t<img decoding=\"async\" width=\"1730\" height=\"1920\" src=\"https:\/\/wishyourlife.de\/wp-content\/uploads\/2023\/06\/ck-portrait-scaled.jpg\" alt=\"\" loading=\"lazy\" srcset=\"https:\/\/wishyourlife.de\/wp-content\/uploads\/2023\/06\/ck-portrait-scaled.jpg 1730w, https:\/\/wishyourlife.de\/wp-content\/uploads\/2023\/06\/ck-portrait-scaled-600x666.jpg 600w, https:\/\/wishyourlife.de\/wp-content\/uploads\/2023\/06\/ck-portrait-270x300.jpg 270w, https:\/\/wishyourlife.de\/wp-content\/uploads\/2023\/06\/ck-portrait-922x1024.jpg 922w, https:\/\/wishyourlife.de\/wp-content\/uploads\/2023\/06\/ck-portrait-768x853.jpg 768w, https:\/\/wishyourlife.de\/wp-content\/uploads\/2023\/06\/ck-portrait-1384x1536.jpg 1384w, https:\/\/wishyourlife.de\/wp-content\/uploads\/2023\/06\/ck-portrait-1845x2048.jpg 1845w\" sizes=\"(max-width: 1730px) 100vw, 1730px\" \/><br \/>\n\t\t\t\t\t\t\t\t\t\t\t\t<img decoding=\"async\" width=\"1744\" height=\"1920\" src=\"https:\/\/wishyourlife.de\/wp-content\/uploads\/2023\/06\/Rahmen.png\" alt=\"\" loading=\"lazy\" srcset=\"https:\/\/wishyourlife.de\/wp-content\/uploads\/2023\/06\/Rahmen.png 1744w, https:\/\/wishyourlife.de\/wp-content\/uploads\/2023\/06\/Rahmen-600x661.png 600w, https:\/\/wishyourlife.de\/wp-content\/uploads\/2023\/06\/Rahmen-272x300.png 272w, https:\/\/wishyourlife.de\/wp-content\/uploads\/2023\/06\/Rahmen-930x1024.png 930w, https:\/\/wishyourlife.de\/wp-content\/uploads\/2023\/06\/Rahmen-768x846.png 768w, https:\/\/wishyourlife.de\/wp-content\/uploads\/2023\/06\/Rahmen-1395x1536.png 1395w, https:\/\/wishyourlife.de\/wp-content\/uploads\/2023\/06\/Rahmen-1860x2048.png 1860w\" sizes=\"(max-width: 1744px) 100vw, 1744px\" \/>\t\t\t\t\t\t\t\t\t\t\t\t\t\t<\/p>\n<h6>My coaching programs<\/h6>\n<p>\t\t\t\t\t\t\t\t\t\t\t\t<img decoding=\"async\" width=\"75\" height=\"75\" src=\"https:\/\/wishyourlife.de\/wp-content\/uploads\/2023\/06\/Group-643-1.png\" alt=\"\" loading=\"lazy\" \/>\t\t\t\t\t\t\t\t\t\t\t\t\t\t<\/p>\n<h2>Clean your Energy!<\/h2>\n<p>I release your blockages so that you can start a new life full of joy, lightness, love, and fulfillment.\u00a0<\/p>\n<p>\t\t\t\t\t\t\t\t\t\t\t\t<img decoding=\"async\" width=\"3727\" height=\"3997\" src=\"https:\/\/wishyourlife.de\/wp-content\/uploads\/2023\/06\/ck-programm-1.svg\" alt=\"\" loading=\"lazy\" \/>\t\t\t\t\t\t\t\t\t\t\t\t\t\t<\/p>\n<h2>Business<\/h2>\n<p>Combining traditional shamanic practices with modern coaching methods enables me to support leaders and their organizations holistically.<\/p>\n<p>I cleanse the energy field of your organization from negative energies and thus clear the way for a successful and healthy company.<\/p>\n<p>\t\t\t<a href=\"https:\/\/wishyourlife.de\/en\/coaching\/business\/\"><br \/>\n\t\t\t\t\t\tLearn more!<br \/>\n\t\t\t\t\t<\/a><br \/>\n\t\t\t\t\t\t\t\t\t\t\t\t<img decoding=\"async\" width=\"3922\" height=\"3094\" src=\"https:\/\/wishyourlife.de\/wp-content\/uploads\/2023\/06\/ck-programm-2.svg\" alt=\"\" loading=\"lazy\" \/>\t\t\t\t\t\t\t\t\t\t\t\t\t\t<\/p>\n<h2>Life-Coaching<\/h2>\n<p>I gently release the blockages from your energy field that keep you from fulfilling your dreams.<\/p>\n<p>I will accompany you on your journey of self-discovery and personal transformation.<\/p>\n<p>Together we find clarity, healing, and fulfillment.<\/p>\n<p>\t\t\t<a href=\"https:\/\/wishyourlife.de\/en\/coaching\/life\/\"><br \/>\n\t\t\t\t\t\tLearn more!<br \/>\n\t\t\t\t\t<\/a><br \/>\n\t\t\t\t\t\t\t\t\t\t\t\t<img decoding=\"async\" width=\"3811\" height=\"3811\" src=\"https:\/\/wishyourlife.de\/wp-content\/uploads\/2023\/06\/ck-programm-3.svg\" alt=\"\" loading=\"lazy\" \/>\t\t\t\t\t\t\t\t\t\t\t\t\t\t<\/p>\n<h2>Specials<\/h2>\n<p>Each of us is as individual as our origins and development. And yet there are themes that I encounter again and again.\u00a0<\/p>\n<p>I have developed focused programs on body, love, and wealth.\u00a0<\/p>\n<p>This specialization enables you to provide even more targeted support.<\/p>\n<p>\t\t\t<a href=\"https:\/\/wishyourlife.de\/en\/coaching\/selfcare\/\"><br \/>\n\t\t\t\t\t\tLearn more!<br \/>\n\t\t\t\t\t<\/a><\/p>\n<h2>SHAMANIC COACHING<\/h2>\n<h2>Manifest your dreams and embark on a journey to yourself!<\/h2>\n<p>Find out which coaching program suits you and how you will notice a positive change in your life after only a short time.<\/p>\n<p>If you can dream it, you can do it!<\/p>\n<p>\t\t\t<a href=\"https:\/\/wishyourlife.de\/en\/business\/\"><br \/>\n\t\t\t\t\t\tLearn more!<br \/>\n\t\t\t\t\t<\/a><\/p>","protected":false},"excerpt":{"rendered":"<p>SCHAMANISCHES COACHING Meine bew\u00e4hrte Methode Mein Schamanisches Coaching setzt dort an, wo klassisches Life- und Business-Coaching an ihre Grenzen sto\u00dfen. Ich gehe auf eine Ebene Deines Unterbewusstseins, die nur sehr wenige selbst erreichen k\u00f6nnen. Schamanismus Ich arbeite mit Dir auf Seelenebene. Coaching F\u00fcr Deine Themen nutze ichbew\u00e4hrte\u00a0 NLP-Techniken. Energiearbeit Ich reinige die Blockaden aus Deinem [&hellip;]<\/p>\n","protected":false},"author":1,"featured_media":0,"parent":0,"menu_order":0,"comment_status":"closed","ping_status":"closed","template":"","meta":{"_et_pb_use_builder":"","_et_pb_old_content":"","_et_gb_content_width":"","om_disable_all_campaigns":false,"_monsterinsights_skip_tracking":false,"_monsterinsights_sitenote_active":false,"_monsterinsights_sitenote_note":"","_monsterinsights_sitenote_category":0,"footnotes":""},"difl_page_category":[],"class_list":["post-9","page","type-page","status-publish","hentry"],"_links":{"self":[{"href":"https:\/\/wishyourlife.de\/en\/wp-json\/wp\/v2\/pages\/9","targetHints":{"allow":["GET"]}}],"collection":[{"href":"https:\/\/wishyourlife.de\/en\/wp-json\/wp\/v2\/pages"}],"about":[{"href":"https:\/\/wishyourlife.de\/en\/wp-json\/wp\/v2\/types\/page"}],"author":[{"embeddable":true,"href":"https:\/\/wishyourlife.de\/en\/wp-json\/wp\/v2\/users\/1"}],"replies":[{"embeddable":true,"href":"https:\/\/wishyourlife.de\/en\/wp-json\/wp\/v2\/comments?post=9"}],"version-history":[{"count":92,"href":"https:\/\/wishyourlife.de\/en\/wp-json\/wp\/v2\/pages\/9\/revisions"}],"predecessor-version":[{"id":2623,"href":"https:\/\/wishyourlife.de\/en\/wp-json\/wp\/v2\/pages\/9\/revisions\/2623"}],"wp:attachment":[{"href":"https:\/\/wishyourlife.de\/en\/wp-json\/wp\/v2\/media?parent=9"}],"wp:term":[{"taxonomy":"difl_page_category","embeddable":true,"href":"https:\/\/wishyourlife.de\/en\/wp-json\/wp\/v2\/difl_page_category?post=9"}],"curies":[{"name":"wp","href":"https:\/\/api.w.org\/{rel}","templated":true}]}}