{"id":431,"date":"2023-06-03T09:03:13","date_gmt":"2023-06-03T09:03:13","guid":{"rendered":"http:\/\/wishyourlife.de\/?page_id=431"},"modified":"2023-11-07T12:46:47","modified_gmt":"2023-11-07T12:46:47","slug":"first-interview","status":"publish","type":"page","link":"https:\/\/wishyourlife.de\/en\/first-interview\/","title":{"rendered":"intro call"},"content":{"rendered":"<h2>NON-BINDING INITIAL CONSULTATION<\/h2>\n<h1>Embark on a journey to yourself!<\/h1>\n<p>As a shamanic coach and trainer, I help people like you who want to develop personally, achieve their goals or change something in their lives. And maybe I am exactly the person who can help you change your life.<\/p>\n<p>Use the form below to book a non-binding initial consultation with me and tell me about your current life situation. In this 30-minute conversation, we will then clarify the goal of your personal journey together.<\/p>\n<p>I would love to get to know you!<\/p>\n<h2>intro call<\/h2>\n<p>Send me a message!<\/p>\n<p>\t\t\t\t\t\t\t\t\t\t\t\t<img decoding=\"async\" width=\"800\" height=\"534\" src=\"https:\/\/wishyourlife.de\/wp-content\/uploads\/2023\/06\/header-1024x683.jpg\" alt=\"\" loading=\"lazy\" srcset=\"https:\/\/wishyourlife.de\/wp-content\/uploads\/2023\/06\/header-1024x683.jpg 1024w, https:\/\/wishyourlife.de\/wp-content\/uploads\/2023\/06\/header-scaled-600x400.jpg 600w, https:\/\/wishyourlife.de\/wp-content\/uploads\/2023\/06\/header-300x200.jpg 300w, https:\/\/wishyourlife.de\/wp-content\/uploads\/2023\/06\/header-768x512.jpg 768w, https:\/\/wishyourlife.de\/wp-content\/uploads\/2023\/06\/header-1536x1024.jpg 1536w, https:\/\/wishyourlife.de\/wp-content\/uploads\/2023\/06\/header-2048x1365.jpg 2048w, https:\/\/wishyourlife.de\/wp-content\/uploads\/2023\/06\/header-scaled.jpg 1920w\" sizes=\"(max-width: 800px) 100vw, 800px\" \/>\t\t\t\t\t\t\t\t\t\t\t\t\t\t<\/p>\n<h3>\n\t\t\t\t\t\tclaudia@wishyourlife.com<br \/>\n\t\t\t\t<\/h3>\n<h3>\n\t\t\t\t\t\t+49 178 2050695<br \/>\n\t\t\t\t<\/h3>","protected":false},"excerpt":{"rendered":"<p>UNVERBINDLICHES ERSTGESPR\u00c4CH Begib Dich auf eine Reise zu Dir selbst! Als schamanischer Coach und Trainerin helfe ich Menschen wie Dir, die sich pers\u00f6nlich weiterentwickeln, ihre Ziele erreichen oder etwas in ihrem Leben ver\u00e4ndern wollen. Und vielleicht bin ich genau die Person, die Dir dabei hilft, Dein Leben zu ver\u00e4ndern. Buche Dir \u00fcber das untenstehende Formular [&hellip;]<\/p>\n","protected":false},"author":1,"featured_media":0,"parent":0,"menu_order":0,"comment_status":"closed","ping_status":"closed","template":"","meta":{"_et_pb_use_builder":"","_et_pb_old_content":"","_et_gb_content_width":"","om_disable_all_campaigns":false,"_monsterinsights_skip_tracking":false,"_monsterinsights_sitenote_active":false,"_monsterinsights_sitenote_note":"","_monsterinsights_sitenote_category":0,"footnotes":""},"difl_page_category":[],"class_list":["post-431","page","type-page","status-publish","hentry"],"_links":{"self":[{"href":"https:\/\/wishyourlife.de\/en\/wp-json\/wp\/v2\/pages\/431","targetHints":{"allow":["GET"]}}],"collection":[{"href":"https:\/\/wishyourlife.de\/en\/wp-json\/wp\/v2\/pages"}],"about":[{"href":"https:\/\/wishyourlife.de\/en\/wp-json\/wp\/v2\/types\/page"}],"author":[{"embeddable":true,"href":"https:\/\/wishyourlife.de\/en\/wp-json\/wp\/v2\/users\/1"}],"replies":[{"embeddable":true,"href":"https:\/\/wishyourlife.de\/en\/wp-json\/wp\/v2\/comments?post=431"}],"version-history":[{"count":52,"href":"https:\/\/wishyourlife.de\/en\/wp-json\/wp\/v2\/pages\/431\/revisions"}],"predecessor-version":[{"id":2837,"href":"https:\/\/wishyourlife.de\/en\/wp-json\/wp\/v2\/pages\/431\/revisions\/2837"}],"wp:attachment":[{"href":"https:\/\/wishyourlife.de\/en\/wp-json\/wp\/v2\/media?parent=431"}],"wp:term":[{"taxonomy":"difl_page_category","embeddable":true,"href":"https:\/\/wishyourlife.de\/en\/wp-json\/wp\/v2\/difl_page_category?post=431"}],"curies":[{"name":"wp","href":"https:\/\/api.w.org\/{rel}","templated":true}]}}