{"id":27,"date":"2023-06-02T12:44:13","date_gmt":"2023-06-02T12:44:13","guid":{"rendered":"http:\/\/wishyourlife.de\/?page_id=27"},"modified":"2025-07-17T14:46:05","modified_gmt":"2025-07-17T14:46:05","slug":"imprint","status":"publish","type":"page","link":"https:\/\/wishyourlife.de\/en\/imprint\/","title":{"rendered":"Imprint"},"content":{"rendered":"<p>[et_pb_section fb_built=&#8220;1&#8243; _builder_version=&#8220;4.16&#8243; global_colors_info=&#8220;{}&#8220;][et_pb_row _builder_version=&#8220;4.16&#8243; background_size=&#8220;initial&#8220; background_position=&#8220;top_left&#8220; background_repeat=&#8220;repeat&#8220; global_colors_info=&#8220;{}&#8220;][et_pb_column type=&#8220;4_4&#8243; _builder_version=&#8220;4.16&#8243; custom_padding=&#8220;|||&#8220; global_colors_info=&#8220;{}&#8220; custom_padding__hover=&#8220;|||&#8220;][et_pb_text _builder_version=&#8220;4.27.4&#8243; background_size=&#8220;initial&#8220; background_position=&#8220;top_left&#8220; background_repeat=&#8220;repeat&#8220; hover_enabled=&#8220;0&#8243; global_colors_info=&#8220;{}&#8220; header_font_size=&#8220;46px&#8220; header_line_height=&#8220;1.7em&#8220; sticky_enabled=&#8220;0&#8243;]<\/p>\n<h1>IMPRESSUM<\/h1>\n<p><strong>Website<\/strong><\/p>\n<p style=\"text-align: left;\">Dieses Impressum gilt f\u00fcr alle Angebote unter der Domain https:\/\/wishyourlife.de\/ inklusive aller Subdomains (Unterseiten).<\/p>\n<p style=\"text-align: left;\"><strong>Soziale Medien<\/strong><\/p>\n<p style=\"text-align: left;\">Dieses Impressum gilt auch f\u00fcr unsere Auftritte in den folgenden sozialen Medien:<\/p>\n<p>Facebook: https:\/\/www.facebook.com\/WishyourlifeCoaching<br \/>Instagram: https:\/\/www.instagram.com\/wishyourlife_coach\/<br \/>LinkedIn: https:\/\/www.linkedin.com\/in\/claudia-kreischer-24233225\/#<\/p>\n<p>&nbsp;<\/p>\n<p style=\"text-align: left;\"><strong>Angaben gem\u00e4\u00df \u00a7 5 TMG<\/strong><\/p>\n<p style=\"text-align: left;\">Claudia Kreischer<br \/>Carlamaria-Heim-Strasse 12<br \/>80339 M\u00fcnchen<br \/>Telefon: +49 178 2050695<br \/>E-Mail: claudia@wishyourlife.com<\/p>\n<p style=\"text-align: left;\"><strong>Jugendschutzbeauftragter<\/strong><\/p>\n<p style=\"text-align: left;\">Sie erreichen unseren Jugendschutzbeauftragten zu allen Fragen des Jugendschutzes auf unserer Website unter<\/p>\n<p>Claudia Kreischer<br \/>E-Mail: claudia@wishyourlife.com<br \/>Telefon: +49 178 2050695<\/p>\n<p style=\"text-align: left;\"><strong>Datenschutz<\/strong><\/p>\n<p style=\"text-align: left;\">Unsere Datenschutzerkl\u00e4rung finden Sie bitte:<br \/>https:\/\/wishyourlife.de\/datenschutz\/<\/p>\n<p style=\"text-align: left;\"><strong>Datenschutzbeauftragter<\/strong><\/p>\n<p style=\"text-align: left;\">Sie erreichen unseren Datenschutzbeauftragten zu allen Fragen des Datenschutzes auf unserer Website unter<\/p>\n<p style=\"text-align: left;\">Claudia Kreischer<br \/>E-Mail: claudia@wishyourlife.com<br \/>Telefon: +49 178 2050695<\/p>\n<p style=\"text-align: left;\"><strong>Die Allgemeinen Gesch\u00e4ftsbedingungen unserer Website<\/strong><\/p>\n<p style=\"text-align: left;\">Unsere AGB finden Sie bitte hier:<br \/>https:\/\/wishyourlife.de\/agb\/<\/p>\n<p style=\"text-align: left;\"><strong>Haftung f\u00fcr Inhalte unserer Website<\/strong><\/p>\n<p style=\"text-align: left;\">Alle Inhalte unserer Website wurden mit bestem Wissen und gr\u00f6\u00dfter Sorgfalt erstellt. Wir k\u00f6nnen jedoch keine Garantie f\u00fcr die Richtigkeit, Vollst\u00e4ndigkeit und Aktualit\u00e4t der Inhalte \u00fcbernehmen.<\/p>\n<p>Soweit unsere Website Links zu externen Websites Dritter enth\u00e4lt, haben wir keinerlei Einfluss auf den Inhalt dieser direkt oder indirekt verlinkten Websites. Daher k\u00f6nnen wir keine Gew\u00e4hr f\u00fcr die Richtigkeit der Inhalte externer Links \u00fcbernehmen.<\/p>\n<p>Diese Haftungsausschl\u00fcsse gelten auch f\u00fcr Verweise und Links, die von Fragestellern, Bloggern oder G\u00e4sten in Diskussionsforen auf unserer Internetseite platziert werden. F\u00fcr rechtswidrige, fehlerhafte oder unvollst\u00e4ndige Inhalte und insbesondere f\u00fcr Sch\u00e4den, die aus der Nutzung oder Nichtnutzung solcher Informationen entstehen, haftet allein der Anbieter der verlinkten Webseite und nicht die Person, die auf die entsprechende Ver\u00f6ffentlichung lediglich verweist (gem\u00e4\u00df \u00a7 7 Abs.1 TMG). Wir sind gem\u00e4\u00df \u00a7\u00a7 8 bis 10 TMG jedoch nicht verpflichtet, \u00fcbermittelte oder gespeicherte fremde Informationen zu \u00fcberwachen oder nach Umst\u00e4nden zu forschen, die auf eine rechtswidrige T\u00e4tigkeit hinweisen. Die Verpflichtung zur Entfernung oder Sperrung der Informationen nach den allgemeinen Gesetzen bleibt hiervon unber\u00fchrt. Eine diesbez\u00fcgliche Haftung ist jedoch erst ab dem Zeitpunkt der Kenntnis einer konkreten Rechtsverletzung m\u00f6glich. Bei Bekanntwerden von entsprechenden Rechtsverletzungen werden wir diese Inhalte umgehend entfernen.<\/p>\n<p style=\"text-align: left;\"><strong>Urheberrechtshinweis<\/strong><\/p>\n<p style=\"text-align: left;\">Die auf unserer Website ver\u00f6ffentlichen Inhalte und Werke unterliegen dem deutschen Urheberrecht. Die Vervielf\u00e4ltigung, Bearbeitung, Verbreitung und jede Art der Verwendung des geistigen Eigentums in ideeller und materieller Sicht des Urhebers au\u00dferhalb der Grenzen des Urheberrechtes bed\u00fcrfen der vorherigen schriftlichen Zustimmung des jeweiligen Urhebers im Sinne des Urhebergesetzes.<\/p>\n<p>Herunterladen und Kopien die Seite unserer Website sind nur f\u00fcr den privaten und nicht kommerziellen Gebrauch erlaubt. Sind die Inhalte auf unsere Website nicht von uns erstellt worden, sind die Urheberrechte Dritte zu beachten. Die Inhalte Dritter werden als solche kenntlich gemacht.<\/p>\n<p>Sollten Sie trotzdem auf eine Urheberrechtsverletzung aufmerksam werden, bitten wir Sie uns zu kontaktieren. Bei Bekanntwerden von Rechtsverletzungen werden wir derartige Inhalte unverz\u00fcglich entfernen.<\/p>\n<p style=\"text-align: left;\"><strong>G\u00fcltigkeit<\/strong><\/p>\n<p style=\"text-align: left;\">Dieses Impressum gilt ab dem 01. Juni 2023.s<\/p>\n<div id=\"4C004475_8200_A653_9E81_3BEF77260161\"><\/div>\n<p>[\/et_pb_text][\/et_pb_column][\/et_pb_row][\/et_pb_section]<\/p>\n","protected":false},"excerpt":{"rendered":"<p>IMPRESSUM Website Dieses Impressum gilt f\u00fcr alle Angebote unter der Domain https:\/\/wishyourlife.de\/ inklusive aller Subdomains (Unterseiten). Soziale Medien Dieses Impressum gilt auch f\u00fcr unsere Auftritte in den folgenden sozialen Medien: Facebook: https:\/\/www.facebook.com\/WishyourlifeCoachingInstagram: https:\/\/www.instagram.com\/wishyourlife_coach\/LinkedIn: https:\/\/www.linkedin.com\/in\/claudia-kreischer-24233225\/# &nbsp; Angaben gem\u00e4\u00df \u00a7 5 TMG Claudia KreischerCarlamaria-Heim-Strasse 1280339 M\u00fcnchenTelefon: +49 178 2050695E-Mail: claudia@wishyourlife.com Jugendschutzbeauftragter Sie erreichen unseren Jugendschutzbeauftragten zu allen [&hellip;]<\/p>\n","protected":false},"author":6,"featured_media":0,"parent":0,"menu_order":0,"comment_status":"closed","ping_status":"closed","template":"","meta":{"_et_pb_use_builder":"on","_et_pb_old_content":"<style>\/*! elementor - v3.13.3 - 28-05-2023 *\/\n.elementor-heading-title{padding:0;margin:0;line-height:1}.elementor-widget-heading .elementor-heading-title[class*=elementor-size-]>a{color:inherit;font-size:inherit;line-height:inherit}.elementor-widget-heading .elementor-heading-title.elementor-size-small{font-size:15px}.elementor-widget-heading .elementor-heading-title.elementor-size-medium{font-size:19px}.elementor-widget-heading .elementor-heading-title.elementor-size-large{font-size:29px}.elementor-widget-heading .elementor-heading-title.elementor-size-xl{font-size:39px}.elementor-widget-heading .elementor-heading-title.elementor-size-xxl{font-size:59px}<\/style><h2>IMPRESSUM<\/h2>\t\t\n\t\t<p><strong>Website<\/strong><\/p>\n<p style=\"text-align: left;\">Dieses Impressum gilt f\u00fcr alle Angebote unter der Domain https:\/\/wishyourlife.de\/ inklusive aller Subdomains (Unterseiten).<\/p>\n<p style=\"text-align: left;\"><strong>Soziale Medien<\/strong><\/p>\n<p style=\"text-align: left;\">Dieses Impressum gilt auch f\u00fcr unsere Auftritte in den folgenden sozialen Medien:<\/p>\n<p>Facebook: https:\/\/www.facebook.com\/WishyourlifeCoaching<br>Instagram: https:\/\/www.instagram.com\/wishyourlife_coach\/<br>LinkedIn: https:\/\/www.linkedin.com\/in\/claudia-kreischer-24233225\/#<\/p>\n<p><br><\/p>\n<p style=\"text-align: left;\"><strong>Angaben gem\u00e4\u00df \u00a7 5 TMG<\/strong><\/p>\n<p style=\"text-align: left;\">Claudia Kreischer<br>Carlamaria-Heim-Strasse 12<br>80339 M\u00fcnchen<br>Telefon: +49 178 2050695<br>E-Mail: claudia@wishyourlife.com<br><br><\/p>\n<p style=\"text-align: left;\"><br><\/p>\n<p style=\"text-align: left;\"><strong>Jugendschutzbeauftragter<\/strong><\/p>\n<p style=\"text-align: left;\">Sie erreichen unseren Jugendschutzbeauftragten zu allen Fragen des Jugendschutzes auf unserer Website unter <\/p>\n<p>Claudia Kreischer<br>E-Mail: claudia@wishyourlife.com<br>Telefon: +49 178 2050695<\/p>\n<p style=\"text-align: left;\"><strong>Datenschutz<\/strong><\/p>\n<p style=\"text-align: left;\">Unsere Datenschutzerkl\u00e4rung finden Sie bitte: <br>https:\/\/wishyourlife.de\/datenschutz\/<\/p>\n<p style=\"text-align: left;\"><strong>Datenschutzbeauftragter<\/strong><\/p>\n<p style=\"text-align: left;\">Sie erreichen unseren Datenschutzbeauftragten zu allen Fragen des Datenschutzes auf unserer Website unter<\/p>\n<p style=\"text-align: left;\">Claudia Kreischer<br>E-Mail: claudia@wishyourlife.com<br>Telefon: +49 178 2050695<\/p>\n<p style=\"text-align: left;\"><strong>Die Allgemeinen Gesch\u00e4ftsbedingungen unserer Website<\/strong><\/p>\n<p style=\"text-align: left;\">Unsere AGB finden Sie bitte hier: <br>https:\/\/wishyourlife.de\/agb\/<\/p>\n<p style=\"text-align: left;\"><strong>Haftung f\u00fcr Inhalte unserer Website<\/strong><\/p>\n<p style=\"text-align: left;\">Alle Inhalte unserer Website wurden mit bestem Wissen und gr\u00f6\u00dfter Sorgfalt erstellt. Wir k\u00f6nnen jedoch keine Garantie f\u00fcr die Richtigkeit, Vollst\u00e4ndigkeit und Aktualit\u00e4t der Inhalte \u00fcbernehmen.<\/p>\n<p>Soweit unsere Website Links zu externen Websites Dritter enth\u00e4lt, haben wir keinerlei Einfluss auf den Inhalt dieser direkt oder indirekt verlinkten Websites. Daher k\u00f6nnen wir keine Gew\u00e4hr f\u00fcr die Richtigkeit der Inhalte externer Links \u00fcbernehmen.<\/p>\n<p>Diese Haftungsausschl\u00fcsse gelten auch f\u00fcr Verweise und Links, die von Fragestellern, Bloggern oder G\u00e4sten in Diskussionsforen auf unserer Internetseite platziert werden. F\u00fcr rechtswidrige, fehlerhafte oder unvollst\u00e4ndige Inhalte und insbesondere f\u00fcr Sch\u00e4den, die aus der Nutzung oder Nichtnutzung solcher Informationen entstehen, haftet allein der Anbieter der verlinkten Webseite und nicht die Person, die auf die entsprechende Ver\u00f6ffentlichung lediglich verweist (gem\u00e4\u00df \u00a7 7 Abs.1 TMG). Wir sind gem\u00e4\u00df \u00a7\u00a7 8 bis 10 TMG jedoch nicht verpflichtet, \u00fcbermittelte oder gespeicherte fremde Informationen zu \u00fcberwachen oder nach Umst\u00e4nden zu forschen, die auf eine rechtswidrige T\u00e4tigkeit hinweisen. Die Verpflichtung zur Entfernung oder Sperrung der Informationen nach den allgemeinen Gesetzen bleibt hiervon unber\u00fchrt. Eine diesbez\u00fcgliche Haftung ist jedoch erst ab dem Zeitpunkt der Kenntnis einer konkreten Rechtsverletzung m\u00f6glich. Bei Bekanntwerden von entsprechenden Rechtsverletzungen werden wir diese Inhalte umgehend entfernen.<\/p>\n<p style=\"text-align: left;\"><strong>Urheberrechtshinweis<\/strong><\/p>\n<p style=\"text-align: left;\">Die auf unserer Website ver\u00f6ffentlichen Inhalte und Werke unterliegen dem deutschen Urheberrecht. Die Vervielf\u00e4ltigung, Bearbeitung, Verbreitung und jede Art der Verwendung des geistigen Eigentums in ideeller und materieller Sicht des Urhebers au\u00dferhalb der Grenzen des Urheberrechtes bed\u00fcrfen der vorherigen schriftlichen Zustimmung des jeweiligen Urhebers im Sinne des Urhebergesetzes.<\/p>\n<p>Herunterladen und Kopien die Seite unserer Website sind nur f\u00fcr den privaten und nicht kommerziellen Gebrauch erlaubt. Sind die Inhalte auf unsere Website nicht von uns erstellt worden, sind die Urheberrechte Dritte zu beachten. Die Inhalte Dritter werden als solche kenntlich gemacht.<\/p>\n<p>Sollten Sie trotzdem auf eine Urheberrechtsverletzung aufmerksam werden, bitten wir Sie uns zu kontaktieren. Bei Bekanntwerden von Rechtsverletzungen werden wir derartige Inhalte unverz\u00fcglich entfernen.<\/p>\n<p style=\"text-align: left;\"><strong>G\u00fcltigkeit<\/strong><\/p>\n<p style=\"text-align: left;\">Dieses Impressum gilt ab dem 01. Juni 2023.s<\/p>","_et_gb_content_width":"1080","om_disable_all_campaigns":false,"_monsterinsights_skip_tracking":false,"_monsterinsights_sitenote_active":false,"_monsterinsights_sitenote_note":"","_monsterinsights_sitenote_category":0,"footnotes":""},"difl_page_category":[],"class_list":["post-27","page","type-page","status-publish","hentry"],"_links":{"self":[{"href":"https:\/\/wishyourlife.de\/en\/wp-json\/wp\/v2\/pages\/27","targetHints":{"allow":["GET"]}}],"collection":[{"href":"https:\/\/wishyourlife.de\/en\/wp-json\/wp\/v2\/pages"}],"about":[{"href":"https:\/\/wishyourlife.de\/en\/wp-json\/wp\/v2\/types\/page"}],"author":[{"embeddable":true,"href":"https:\/\/wishyourlife.de\/en\/wp-json\/wp\/v2\/users\/6"}],"replies":[{"embeddable":true,"href":"https:\/\/wishyourlife.de\/en\/wp-json\/wp\/v2\/comments?post=27"}],"version-history":[{"count":35,"href":"https:\/\/wishyourlife.de\/en\/wp-json\/wp\/v2\/pages\/27\/revisions"}],"predecessor-version":[{"id":3423,"href":"https:\/\/wishyourlife.de\/en\/wp-json\/wp\/v2\/pages\/27\/revisions\/3423"}],"wp:attachment":[{"href":"https:\/\/wishyourlife.de\/en\/wp-json\/wp\/v2\/media?parent=27"}],"wp:term":[{"taxonomy":"difl_page_category","embeddable":true,"href":"https:\/\/wishyourlife.de\/en\/wp-json\/wp\/v2\/difl_page_category?post=27"}],"curies":[{"name":"wp","href":"https:\/\/api.w.org\/{rel}","templated":true}]}}