{"id":148,"date":"2023-06-02T18:20:37","date_gmt":"2023-06-02T18:20:37","guid":{"rendered":"http:\/\/wishyourlife.de\/?page_id=148"},"modified":"2023-11-07T21:40:09","modified_gmt":"2023-11-07T21:40:09","slug":"start","status":"publish","type":"page","link":"https:\/\/wishyourlife.de\/en\/start\/","title":{"rendered":"Home"},"content":{"rendered":"<h2>Shamanic Executive Coaching<\/h2>\n<p>IF YOU CAN DREAM IT, YOU CAN DO IT!<\/p>\n<p>\t\t\t<a href=\"https:\/\/wishyourlife.de\/en\/first-interview\/\"><br \/>\n\t\t\t\t\t\tBOOK YOUR FREE INTRO-CALL!<br \/>\n\t\t\t\t\t<\/a><\/p>\n<h1>Welcome to your life-changing journey!<\/h1>\n<p><strong>We are creators! We are divine!<\/strong><\/p>\n<p>Most people have few opportunities to live their lives as they can. As a result, they feel stuck, frustrated, and insecure. They live in relationships that aren't fulfilling, work in jobs that don't bring them deep satisfaction, and are often dissatisfied with money or their bodies.<\/p>\n<p>Do you feel frustrated after investing time, energy, and money in self-development with no actual results? <br \/>Are you stuck in the same old routine without knowing how to create your new reality with deep meaning and satisfaction?<\/p>\n<p><strong>GREAT! THAT'S WHY YOU ARE HERE!\u00a0<br \/><\/strong><strong style=\"font-size: 1rem;\">LET'S GET STARTED!<\/strong><\/p>\n<p>\t\t\t\t\t\t\t\t\t\t\t\t<img decoding=\"async\" width=\"5162\" height=\"4117\" src=\"https:\/\/wishyourlife.de\/wp-content\/uploads\/2023\/06\/ck-kunden.svg\" alt=\"\" loading=\"lazy\" \/><br \/>\n\t\t\t\t0<br \/>\n\t\t\t\t+<br \/>\n\t\t\t\t\t\t\tsatisfied clients<br \/>\n\t\t\t\t\t\t\t\t\t\t\t\t<img decoding=\"async\" width=\"4811\" height=\"5499\" src=\"https:\/\/wishyourlife.de\/wp-content\/uploads\/2023\/06\/ck-erfahrung.svg\" alt=\"\" loading=\"lazy\" \/><br \/>\n\t\t\t\t0<br \/>\n\t\t\t\t+<br \/>\n\t\t\t\t\t\t\tyears of experience<br \/>\n\t\t\t\t\t\t\t\t\t\t\t\t<img decoding=\"async\" width=\"5463\" height=\"4172\" src=\"https:\/\/wishyourlife.de\/wp-content\/uploads\/2023\/06\/ck-zertifikat.svg\" alt=\"\" loading=\"lazy\" \/><br \/>\n\t\t\t\t0<br \/>\n\t\t\t\t+<br \/>\n\t\t\t\t\t\t\tcertificates<\/p>\n<h6>My proven method<\/h6>\n<p>My Shamanic Executive Coaching starts where classical life and business coaching reach their limits. I go to a level of consciousness that very few can reach by themselves.<\/p>\n<p>All aspects of a person's or organization's being are interconnected and influence each other. True healing, therefore, requires addressing the underlying causes of problems at multiple levels.<\/p>\n<p>\t\t\t\t\t\t\t\t\t\t\t\t<img decoding=\"async\" width=\"3141\" height=\"2897\" src=\"https:\/\/wishyourlife.de\/wp-content\/uploads\/2023\/06\/ck-1.svg\" alt=\"\" loading=\"lazy\" \/>\t\t\t\t\t\t\t\t\t\t\t\t\t\t<\/p>\n<h2>Shamanism<\/h2>\n<p>I work with <br \/>you on soul level.\u00a0<\/p>\n<p>\t\t\t\t\t\t\t\t\t\t\t\t<img decoding=\"async\" width=\"3789\" height=\"3412\" src=\"https:\/\/wishyourlife.de\/wp-content\/uploads\/2023\/06\/ck-3.svg\" alt=\"\" loading=\"lazy\" \/>\t\t\t\t\t\t\t\t\t\t\t\t\t\t<\/p>\n<h2>Coaching<\/h2>\n<p>For your topics I use<br \/>proven NLP-techniques.<\/p>\n<p>\t\t\t\t\t\t\t\t\t\t\t\t<img decoding=\"async\" width=\"2027\" height=\"3684\" src=\"https:\/\/wishyourlife.de\/wp-content\/uploads\/2023\/06\/ck-lavender.svg\" alt=\"\" loading=\"lazy\" \/><br \/>\n\t\t\t\t\t\t\t\t\t\t\t\t<img decoding=\"async\" width=\"3834\" height=\"3992\" src=\"https:\/\/wishyourlife.de\/wp-content\/uploads\/2023\/06\/ck-2.svg\" alt=\"\" loading=\"lazy\" \/>\t\t\t\t\t\t\t\t\t\t\t\t\t\t<\/p>\n<h2>Energy work<\/h2>\n<p>I clean the blockages from your energy field.<\/p>\n<p>\t\t\t\t\t\t\t\t\t\t\t\t<img decoding=\"async\" width=\"2995\" height=\"3993\" src=\"https:\/\/wishyourlife.de\/wp-content\/uploads\/2023\/06\/ck-4.svg\" alt=\"\" loading=\"lazy\" \/>\t\t\t\t\t\t\t\t\t\t\t\t\t\t<\/p>\n<h2>Remote healing<\/h2>\n<p>We work together regardless<br \/>of time and location.<\/p>\n<p>\t\t\t<a href=\"https:\/\/wishyourlife.de\/en\/vision\/\"><br \/>\n\t\t\t\t\t\tLearn more!<br \/>\n\t\t\t\t\t<\/a><br \/>\n\t\t\t\t\t\t\t\t\t\t\t\t<img decoding=\"async\" width=\"25\" height=\"25\" src=\"https:\/\/wishyourlife.de\/wp-content\/uploads\/2023\/06\/Vector-13-1.png\" alt=\"\" loading=\"lazy\" \/><br \/>\n\t\t\t\t\t\t\t\t\t\t\t\t<img decoding=\"async\" width=\"75\" height=\"75\" src=\"https:\/\/wishyourlife.de\/wp-content\/uploads\/2023\/06\/Group-643-1.png\" alt=\"\" loading=\"lazy\" \/><br \/>\n\t\t\t\t\t\t\t\t\t\t\t\t<img decoding=\"async\" width=\"25\" height=\"25\" src=\"https:\/\/wishyourlife.de\/wp-content\/uploads\/2023\/06\/Vector-13-1.png\" alt=\"\" loading=\"lazy\" \/>\t\t\t\t\t\t\t\t\t\t\t\t\t\t<\/p>\n<h6>What my clients say:<\/h6>\n<h2>Life-changing results<\/h2>\n<p>In my many years of experience in the \"Shamanic Coaching\" field, I have helped many people in their respective life situations and accompanied them on their journey into a new life.&nbsp;<\/p>\n<p>\t\t\t\t\t\t\t\t\t\t<img decoding=\"async\" width=\"180\" height=\"180\" src=\"https:\/\/wishyourlife.de\/wp-content\/uploads\/2023\/06\/trainer-img-3.png\" alt=\"\" loading=\"lazy\" srcset=\"https:\/\/wishyourlife.de\/wp-content\/uploads\/2023\/06\/trainer-img-3.png 180w, https:\/\/wishyourlife.de\/wp-content\/uploads\/2023\/06\/trainer-img-3-100x100.png 100w, https:\/\/wishyourlife.de\/wp-content\/uploads\/2023\/06\/trainer-img-3-150x150.png 150w\" sizes=\"(max-width: 180px) 100vw, 180px\" \/><br \/>\n\t\t\t\t\t\t\t\t\t<strong>Anna, Pediatrician, Newark, CA<\/strong><br \/>\n\t\t\t\t\t\t\t\t\ttrainee<\/p>\n<p>\"Since our first session together, I feel that I have been able to let go of some things, energetically and emotionally, that I have not been able to let go of in the past. This healing has allowed me to address some of my traumas from the past, learn and heal from them and live confidently in my own sense of self.\"<\/p>\n<ul>\n<li><a><\/a><\/li>\n<li><a><\/a><\/li>\n<li><a><\/a><\/li>\n<li><a><\/a><\/li>\n<li><a><\/a><\/li>\n<\/ul>\n<p>\t\t\t\t\t\t\t\t\t\t\t\t\t\t\t<!-- .commentor-content END --><br \/>\n\t\t\t\t\t\t\t\t\t\t<img decoding=\"async\" width=\"255\" height=\"255\" src=\"https:\/\/wishyourlife.de\/wp-content\/uploads\/2023\/06\/Team_img-2-2-1.jpeg\" alt=\"\" loading=\"lazy\" srcset=\"https:\/\/wishyourlife.de\/wp-content\/uploads\/2023\/06\/Team_img-2-2-1.jpeg 255w, https:\/\/wishyourlife.de\/wp-content\/uploads\/2023\/06\/Team_img-2-2-1-100x100.jpeg 100w, https:\/\/wishyourlife.de\/wp-content\/uploads\/2023\/06\/Team_img-2-2-1-150x150.jpeg 150w\" sizes=\"(max-width: 255px) 100vw, 255px\" \/><br \/>\n\t\t\t\t\t\t\t\t\t<strong>Gina, executive assistant, London, GB<\/strong><br \/>\n\t\t\t\t\t\t\t\t\ttrainee<\/p>\n<p>\"I immediately felt a connection with Claudia. One that you can't explain, but which comes from deep within, a total trust. She is a loving sisterly and motherly figure in one.\"\n<\/p>\n<ul>\n<li><a><\/a><\/li>\n<li><a><\/a><\/li>\n<li><a><\/a><\/li>\n<li><a><\/a><\/li>\n<li><a><\/a><\/li>\n<\/ul>\n<p>\t\t\t\t\t\t\t\t\t\t\t\t\t\t\t<!-- .commentor-content END --><br \/>\n\t\t\t\t\t\t\t\t\t\t<img decoding=\"async\" width=\"400\" height=\"400\" src=\"https:\/\/wishyourlife.de\/wp-content\/uploads\/2023\/06\/01-1.png\" alt=\"\" loading=\"lazy\" srcset=\"https:\/\/wishyourlife.de\/wp-content\/uploads\/2023\/06\/01-1.png 400w, https:\/\/wishyourlife.de\/wp-content\/uploads\/2023\/06\/01-1-300x300.png 300w, https:\/\/wishyourlife.de\/wp-content\/uploads\/2023\/06\/01-1-100x100.png 100w, https:\/\/wishyourlife.de\/wp-content\/uploads\/2023\/06\/01-1-150x150.png 150w\" sizes=\"(max-width: 400px) 100vw, 400px\" \/><br \/>\n\t\t\t\t\t\t\t\t\t<strong>Martin, Engineer, Stuttgart, DE<\/strong><br \/>\n\t\t\t\t\t\t\t\t\ttrainee<\/p>\n<p>\"Claudia was able to name (and resolve) many things that I had somehow darkly suspected, others were completely new to me.\"\n<\/p>\n<ul>\n<li><a><\/a><\/li>\n<li><a><\/a><\/li>\n<li><a><\/a><\/li>\n<li><a><\/a><\/li>\n<li><a><\/a><\/li>\n<\/ul>\n<p>\t\t\t\t\t\t\t\t\t\t\t\t\t\t\t<!-- .commentor-content END --><br \/>\n\t\t\t\t\t\t\t\t\t\t<img decoding=\"async\" width=\"180\" height=\"180\" src=\"https:\/\/wishyourlife.de\/wp-content\/uploads\/2023\/06\/trainer-img-1.png\" alt=\"\" loading=\"lazy\" srcset=\"https:\/\/wishyourlife.de\/wp-content\/uploads\/2023\/06\/trainer-img-1.png 180w, https:\/\/wishyourlife.de\/wp-content\/uploads\/2023\/06\/trainer-img-1-100x100.png 100w, https:\/\/wishyourlife.de\/wp-content\/uploads\/2023\/06\/trainer-img-1-150x150.png 150w\" sizes=\"(max-width: 180px) 100vw, 180px\" \/><br \/>\n\t\t\t\t\t\t\t\t\t<strong>Julia, Life Coach, Munich, DE<\/strong><br \/>\n\t\t\t\t\t\t\t\t\tDesignation<\/p>\n<p>\"I had been living with depression for several years but had always kept it a secret and never told Claudia about it. I was really surprised that she found out.<br \/>\nTwo months later, I was able to stop taking the antidepressants I had been taking for 10 years.\"<\/p>\n<ul>\n<li><a><\/a><\/li>\n<li><a><\/a><\/li>\n<li><a><\/a><\/li>\n<li><a><\/a><\/li>\n<li><a><\/a><\/li>\n<\/ul>\n<p>\t\t\t\t\t\t\t\t\t\t\t\t\t\t\t<!-- .commentor-content END --><br \/>\n\t\t\t\t\t\t\t\t\t\t<img decoding=\"async\" width=\"400\" height=\"400\" src=\"https:\/\/wishyourlife.de\/wp-content\/uploads\/2023\/06\/03.png\" alt=\"\" loading=\"lazy\" srcset=\"https:\/\/wishyourlife.de\/wp-content\/uploads\/2023\/06\/03.png 400w, https:\/\/wishyourlife.de\/wp-content\/uploads\/2023\/06\/03-300x300.png 300w, https:\/\/wishyourlife.de\/wp-content\/uploads\/2023\/06\/03-100x100.png 100w, https:\/\/wishyourlife.de\/wp-content\/uploads\/2023\/06\/03-150x150.png 150w\" sizes=\"(max-width: 400px) 100vw, 400px\" \/><br \/>\n\t\t\t\t\t\t\t\t\t<strong>Richard, Managing Director, Munich, DE<\/strong><br \/>\n\t\t\t\t\t\t\t\t\tDesignation<\/p>\n<p>\"After the cleanse, I had the feeling that a huge weight had been lifted from me.<br \/>\nMy basic mood is much more open and positive, I laugh a lot and enjoy my life more.<br \/>\nI also have the feeling that my mental horizons have opened up a lot more.\"<\/p>\n<ul>\n<li><a><\/a><\/li>\n<li><a><\/a><\/li>\n<li><a><\/a><\/li>\n<li><a><\/a><\/li>\n<li><a><\/a><\/li>\n<\/ul>\n<p>\t\t\t\t\t\t\t\t\t\t\t\t\t\t\t<!-- .commentor-content END --><br \/>\n\t\t\t\t\t\t\t\t\t\t<img decoding=\"async\" width=\"150\" height=\"150\" src=\"https:\/\/wishyourlife.de\/wp-content\/uploads\/2023\/06\/yogashala-img34.jpg\" alt=\"\" loading=\"lazy\" srcset=\"https:\/\/wishyourlife.de\/wp-content\/uploads\/2023\/06\/yogashala-img34.jpg 150w, https:\/\/wishyourlife.de\/wp-content\/uploads\/2023\/06\/yogashala-img34-100x100.jpg 100w\" sizes=\"(max-width: 150px) 100vw, 150px\" \/><br \/>\n\t\t\t\t\t\t\t\t\t<strong>Martha, Logistics Specialist, Berlin, DE<\/strong><br \/>\n\t\t\t\t\t\t\t\t\tDesignation<\/p>\n<p>\"I didn't know what to expect from our session, and I really liked everything that came up. It all made sense.<br \/>\nMany things in my life made more sense afterwards. Claudia also gave me tools that I can take with me from this session into my everyday life.\"\n<\/p>\n<ul>\n<li><a><\/a><\/li>\n<li><a><\/a><\/li>\n<li><a><\/a><\/li>\n<li><a><\/a><\/li>\n<li><a><\/a><\/li>\n<\/ul>\n<p>\t\t\t\t\t\t\t\t\t\t\t\t\t\t\t<!-- .commentor-content END --><br \/>\n\t\t\t\t\t\t\t\t\t\t<img decoding=\"async\" width=\"270\" height=\"350\" src=\"https:\/\/wishyourlife.de\/wp-content\/uploads\/2023\/06\/service-img-2.jpg\" alt=\"\" loading=\"lazy\" srcset=\"https:\/\/wishyourlife.de\/wp-content\/uploads\/2023\/06\/service-img-2.jpg 270w, https:\/\/wishyourlife.de\/wp-content\/uploads\/2023\/06\/service-img-2-231x300.jpg 231w\" sizes=\"(max-width: 270px) 100vw, 270px\" \/><br \/>\n\t\t\t\t\t\t\t\t\t<strong>Anita, Kindergarten Teacher, Linz, AT<\/strong><br \/>\n\t\t\t\t\t\t\t\t\tDesignation<\/p>\n<p>\"What I have benefited from the most is that she has poured a dose of confidence into my being that I can now feel and carry with me everywhere and for which I am very, very grateful.\"\n<\/p>\n<ul>\n<li><a><\/a><\/li>\n<li><a><\/a><\/li>\n<li><a><\/a><\/li>\n<li><a><\/a><\/li>\n<li><a><\/a><\/li>\n<\/ul>\n<p>\t\t\t\t\t\t\t\t\t\t\t\t\t\t\t<!-- .commentor-content END --><br \/>\n\t\t\t\t\t\t\t\t\t\t<img decoding=\"async\" width=\"2000\" height=\"2000\" src=\"https:\/\/wishyourlife.de\/wp-content\/uploads\/2023\/06\/Testimonial-3-ck.jpg\" alt=\"\" loading=\"lazy\" srcset=\"https:\/\/wishyourlife.de\/wp-content\/uploads\/2023\/06\/Testimonial-3-ck.jpg 2000w, https:\/\/wishyourlife.de\/wp-content\/uploads\/2023\/06\/Testimonial-3-ck-300x300.jpg 300w, https:\/\/wishyourlife.de\/wp-content\/uploads\/2023\/06\/Testimonial-3-ck-100x100.jpg 100w, https:\/\/wishyourlife.de\/wp-content\/uploads\/2023\/06\/Testimonial-3-ck-600x600.jpg 600w, https:\/\/wishyourlife.de\/wp-content\/uploads\/2023\/06\/Testimonial-3-ck-1024x1024.jpg 1024w, https:\/\/wishyourlife.de\/wp-content\/uploads\/2023\/06\/Testimonial-3-ck-150x150.jpg 150w, https:\/\/wishyourlife.de\/wp-content\/uploads\/2023\/06\/Testimonial-3-ck-768x768.jpg 768w, https:\/\/wishyourlife.de\/wp-content\/uploads\/2023\/06\/Testimonial-3-ck-1536x1536.jpg 1536w\" sizes=\"(max-width: 2000px) 100vw, 2000px\" \/><br \/>\n\t\t\t\t\t\t\t\t\t<strong>Herbert, Vice President, Cologne, DE<\/strong><br \/>\n\t\t\t\t\t\t\t\t\tDesignation<\/p>\n<p>\n\"You can see whether it will become more without stress - in any case, it feels good.<br \/>\nI now regularly book cleanings with Claudia, even for my own company.\"\n<\/p>\n<ul>\n<li><a><\/a><\/li>\n<li><a><\/a><\/li>\n<li><a><\/a><\/li>\n<li><a><\/a><\/li>\n<li><a><\/a><\/li>\n<\/ul>\n<p>\t\t\t\t\t\t\t\t\t\t\t\t\t\t\t<!-- .commentor-content END --><\/p>\n<h6>My coaching programs<\/h6>\n<p>\t\t\t\t\t\t\t\t\t\t\t\t<img decoding=\"async\" width=\"75\" height=\"75\" src=\"https:\/\/wishyourlife.de\/wp-content\/uploads\/2023\/06\/Group-643-1.png\" alt=\"\" loading=\"lazy\" \/>\t\t\t\t\t\t\t\t\t\t\t\t\t\t<\/p>\n<h3>\n\t\t\t\t\tClean your<br \/>\n\t\t\t\tcompany!<br \/>\n\t\t\t\t<\/h3>\n<p>I release your blockages so that you can start a new life full of joy, lightness, love, and fulfillment.\u00a0<\/p>\n<p>\t\t\t\t\t\t\t\t\t\t\t\t<img decoding=\"async\" width=\"3727\" height=\"3997\" src=\"https:\/\/wishyourlife.de\/wp-content\/uploads\/2023\/06\/ck-programm-1.svg\" alt=\"\" loading=\"lazy\" \/>\t\t\t\t\t\t\t\t\t\t\t\t\t\t<\/p>\n<h2>Business<\/h2>\n<p>Combining traditional shamanic practices with modern coaching methods enables me to support leaders and their organizations holistically.<\/p>\n<p>I cleanse the energy field of your organization from negative energies and thus clear the way for a successful and healthy company.<\/p>\n<p>\t\t\t<a href=\"https:\/\/wishyourlife.de\/en\/coaching\/business\/\"><br \/>\n\t\t\t\t\t\tLearn more!<br \/>\n\t\t\t\t\t<\/a><br \/>\n\t\t\t\t\t\t\t\t\t\t\t\t<img decoding=\"async\" width=\"3922\" height=\"3094\" src=\"https:\/\/wishyourlife.de\/wp-content\/uploads\/2023\/06\/ck-programm-2.svg\" alt=\"\" loading=\"lazy\" \/>\t\t\t\t\t\t\t\t\t\t\t\t\t\t<\/p>\n<h2>Life-Coaching<\/h2>\n<p>I gently release the blockages from your energy field that keep you from fulfilling your dreams.<\/p>\n<p>I will accompany you on your journey of self-discovery and personal transformation.<\/p>\n<p>Together we find clarity, healing, and fulfillment.<\/p>\n<p>\t\t\t<a href=\"https:\/\/wishyourlife.de\/en\/coaching\/life\/\"><br \/>\n\t\t\t\t\t\tLearn more!<br \/>\n\t\t\t\t\t<\/a><br \/>\n\t\t\t\t\t\t\t\t\t\t\t\t<img decoding=\"async\" width=\"3811\" height=\"3811\" src=\"https:\/\/wishyourlife.de\/wp-content\/uploads\/2023\/06\/ck-programm-3.svg\" alt=\"\" loading=\"lazy\" \/>\t\t\t\t\t\t\t\t\t\t\t\t\t\t<\/p>\n<h2>Specials<\/h2>\n<p>Each of us is as individual as our origins and development. And yet there are themes that I encounter again and again.\u00a0<\/p>\n<p>I have developed focused programs on body, love, and wealth.\u00a0<\/p>\n<p>This specialization enables you to provide even more targeted support.<\/p>\n<p>\t\t\t<a href=\"https:\/\/wishyourlife.de\/en\/coaching\/specials\/\"><br \/>\n\t\t\t\t\t\tLearn more!<br \/>\n\t\t\t\t\t<\/a><br \/>\n\t\t\t\t\t\t\t\t\t\t\t\t<img decoding=\"async\" width=\"1730\" height=\"1920\" src=\"https:\/\/wishyourlife.de\/wp-content\/uploads\/2023\/06\/ck-portrait-scaled.jpg\" alt=\"\" loading=\"lazy\" srcset=\"https:\/\/wishyourlife.de\/wp-content\/uploads\/2023\/06\/ck-portrait-scaled.jpg 1730w, https:\/\/wishyourlife.de\/wp-content\/uploads\/2023\/06\/ck-portrait-scaled-600x666.jpg 600w, https:\/\/wishyourlife.de\/wp-content\/uploads\/2023\/06\/ck-portrait-270x300.jpg 270w, https:\/\/wishyourlife.de\/wp-content\/uploads\/2023\/06\/ck-portrait-922x1024.jpg 922w, https:\/\/wishyourlife.de\/wp-content\/uploads\/2023\/06\/ck-portrait-768x853.jpg 768w, https:\/\/wishyourlife.de\/wp-content\/uploads\/2023\/06\/ck-portrait-1384x1536.jpg 1384w, https:\/\/wishyourlife.de\/wp-content\/uploads\/2023\/06\/ck-portrait-1845x2048.jpg 1845w\" sizes=\"(max-width: 1730px) 100vw, 1730px\" \/>\t\t\t\t\t\t\t\t\t\t\t\t\t\t<\/p>\n<h6>CLAUDIA KREISCHER<\/h6>\n<h2>That's me!<\/h2>\n<p>I am Claudia, Shamanic Coach, and Energy Healer. Taking your life to the next level is part of my calling. I have been given the incredible talent to see, feel, and heal energy. My work combines my extensive knowledge of methods and development processes with my deep connection to the spiritual world.<\/p>\n<p>With this unique combination of methods and tools, I raise your potential and realize together with you the fulfillment of your dreams. This includes transforming old wounds, traumas, long-held patterns, and beliefs and opening you up to new ideas, perspectives, and possibilities.<\/p>\n<p>\t\t\t\t\t\t\t\t\t\t\t\t<img decoding=\"async\" width=\"3602\" height=\"3993\" src=\"https:\/\/wishyourlife.de\/wp-content\/uploads\/2023\/06\/ck-kenntnisse.svg\" alt=\"\" loading=\"lazy\" \/>\t\t\t\t\t\t\t\t\t\t\t\t\t\t<\/p>\n<h2>certified Business-Coach and Trainer<\/h2>\n<p>\t\t\t\t\t\t\t\t\t\t\t\t<img decoding=\"async\" width=\"3602\" height=\"3993\" src=\"https:\/\/wishyourlife.de\/wp-content\/uploads\/2023\/06\/ck-kenntnisse.svg\" alt=\"\" loading=\"lazy\" \/>\t\t\t\t\t\t\t\t\t\t\t\t\t\t<\/p>\n<h2>Reiki Level III Practitioner<\/h2>\n<p>\t\t\t\t\t\t\t\t\t\t\t\t<img decoding=\"async\" width=\"3602\" height=\"3993\" src=\"https:\/\/wishyourlife.de\/wp-content\/uploads\/2023\/06\/ck-kenntnisse.svg\" alt=\"\" loading=\"lazy\" \/>\t\t\t\t\t\t\t\t\t\t\t\t\t\t<\/p>\n<h2>Psychic Transformation Therapist<\/h2>\n<p>\t\t\t<a href=\"https:\/\/wishyourlife.de\/en\/about-me\/\"><br \/>\n\t\t\t\t\t\tLearn more!<br \/>\n\t\t\t\t\t<\/a><\/p>\n<h6>My blog posts<\/h6>\n<h2>SHAMANIC EXECUTIVE COACHING<\/h2>\n<h2>Manifest your dreams and embark on a journey to yourself!<\/h2>\n<p>Find out which coaching program suits you and how you will notice a positive change in your life after only a short time.<\/p>\n<p>If you can dream it, you can do it!<\/p>\n<p>\t\t\t<a href=\"https:\/\/wishyourlife.de\/en\/coaching\/\"><br \/>\n\t\t\t\t\t\tBOOK YOUR FREE INTRO-CALL!<br \/>\n\t\t\t\t\t<\/a><\/p>\n<h2>FAQ<\/h2>\n<h2>Something has been left unclear? <\/h2>\n<p>Here I have answered some of the most frequently asked questions.\u00a0<\/p>\n<p>                        <a href=\"#collapse-7be0b2b654aaeb939932\" data-ekit-toggle=\"collapse\" data-target=\"#Collapse-7be0b2b654aaeb939932\" aria-expanded=\"true\" aria-controls=\"Collapse-7be0b2b654aaeb939932\"><br \/>\n                            What is Shamanic Coaching, and how can it help me?<br \/>\n                                        <!-- Normal Icon --><br \/>\n                                        <!-- Active Icon --><br \/>\n                                                    <\/a><\/p>\n<p>Shamanic Coaching is a method that aims to help people achieve a balance between mind, body, and spirit. It combines various techniques of coaching with traditional shamanic healing work. It helps to release blockages, promote inner strength, and contribute to personal transformation and healing.<\/p>\n<p>                <!-- .elementskit-card END --><br \/>\n                        <a href=\"#collapse-8b6c3e5654aaeb939932\" data-ekit-toggle=\"collapse\" data-target=\"#Collapse-8b6c3e5654aaeb939932\" aria-expanded=\"false\" aria-controls=\"Collapse-8b6c3e5654aaeb939932\"><br \/>\n                            What is a typical Shamanic Coaching session like?<br \/>\n                                        <!-- Normal Icon --><br \/>\n                                        <!-- Active Icon --><br \/>\n                                                    <\/a><\/p>\n<p>A typical Shamanic Coaching session may include personal dialogue, bodywork, meditation, energy work, and other shamanic practices. I go into a deep trance and work at the soul level for cleansing energies. Each session is tailored to the individual's needs and goals.<\/p>\n<p>                <!-- .elementskit-card END --><br \/>\n                        <a href=\"#collapse-c3a6341654aaeb939932\" data-ekit-toggle=\"collapse\" data-target=\"#Collapse-c3a6341654aaeb939932\" aria-expanded=\"false\" aria-controls=\"Collapse-c3a6341654aaeb939932\"><br \/>\n                            What do I need to prepare or consider before a Shamanic Coaching session?<br \/>\n                                        <!-- Normal Icon --><br \/>\n                                        <!-- Active Icon --><br \/>\n                                                    <\/a><\/p>\n<p>If you want to get the most out of your Shamanic Coaching, you should be prepared for open dialogue and be ready to engage in new experiences. It is helpful to deal with your expectations, fears, and goals in advance which you would like to discuss with me.<\/p>\n<p>                <!-- .elementskit-card END --><br \/>\n                        <a href=\"#collapse-930001c654aaeb939932\" data-ekit-toggle=\"collapse\" data-target=\"#Collapse-930001c654aaeb939932\" aria-expanded=\"false\" aria-controls=\"Collapse-930001c654aaeb939932\"><br \/>\n                            How can I check if Shamanic Coaching is right for me?<br \/>\n                                        <!-- Normal Icon --><br \/>\n                                        <!-- Active Icon --><br \/>\n                                                    <\/a><\/p>\n<p>Whether Shamanic Coaching is right for you depends on your needs, goals, and preferences. It is a good choice if you are drawn to spiritual practices, seek wholeness and balance, or if traditional forms of therapy have not produced the desired results.\u00a0<\/p>\n<p>                <!-- .elementskit-card END --><br \/>\n                        <a href=\"#collapse-4eed7d6654aaeb939932\" data-ekit-toggle=\"collapse\" data-target=\"#Collapse-4eed7d6654aaeb939932\" aria-expanded=\"false\" aria-controls=\"Collapse-4eed7d6654aaeb939932\"><br \/>\n                            What is NLP?<br \/>\n                                        <!-- Normal Icon --><br \/>\n                                        <!-- Active Icon --><br \/>\n                                                    <\/a><\/p>\n<p>NLP stands for Neuro-Linguistic Programming and is a methodology that explores the connection between language, thinking, and behavior. It enables the conscious change of thought patterns and behaviors for personal growth and success.<\/p>\n<p>                <!-- .elementskit-card END --><\/p>\n<h2>Free Newsletter!<\/h2>\n<h3>Subscribe now and never miss a blog post!<\/h3>","protected":false},"excerpt":{"rendered":"<p>Shamanic Executive Coaching WENN DU ES TR\u00c4UMEN KANNST, KANNST DU ES TUN! Kostenloses Erstgespr\u00e4ch! Willkommen auf Deiner lebensver\u00e4ndernden Reise!\u200b Wir sind die Sch\u00f6pfer unserer Realit\u00e4t! Die meisten Menschen haben kaum Gelegenheiten, ihr Leben so zu gestalten, wie sie es k\u00f6nnten. Infolgedessen f\u00fchlen sie sich festgefahren, frustriert und unsicher. Sie leben in Beziehungen, die nicht erf\u00fcllend [&hellip;]<\/p>\n","protected":false},"author":1,"featured_media":0,"parent":0,"menu_order":0,"comment_status":"closed","ping_status":"closed","template":"","meta":{"_et_pb_use_builder":"","_et_pb_old_content":"","_et_gb_content_width":"","om_disable_all_campaigns":false,"_monsterinsights_skip_tracking":false,"_monsterinsights_sitenote_active":false,"_monsterinsights_sitenote_note":"","_monsterinsights_sitenote_category":0,"footnotes":""},"difl_page_category":[],"class_list":["post-148","page","type-page","status-publish","hentry"],"_links":{"self":[{"href":"https:\/\/wishyourlife.de\/en\/wp-json\/wp\/v2\/pages\/148","targetHints":{"allow":["GET"]}}],"collection":[{"href":"https:\/\/wishyourlife.de\/en\/wp-json\/wp\/v2\/pages"}],"about":[{"href":"https:\/\/wishyourlife.de\/en\/wp-json\/wp\/v2\/types\/page"}],"author":[{"embeddable":true,"href":"https:\/\/wishyourlife.de\/en\/wp-json\/wp\/v2\/users\/1"}],"replies":[{"embeddable":true,"href":"https:\/\/wishyourlife.de\/en\/wp-json\/wp\/v2\/comments?post=148"}],"version-history":[{"count":578,"href":"https:\/\/wishyourlife.de\/en\/wp-json\/wp\/v2\/pages\/148\/revisions"}],"predecessor-version":[{"id":2846,"href":"https:\/\/wishyourlife.de\/en\/wp-json\/wp\/v2\/pages\/148\/revisions\/2846"}],"wp:attachment":[{"href":"https:\/\/wishyourlife.de\/en\/wp-json\/wp\/v2\/media?parent=148"}],"wp:term":[{"taxonomy":"difl_page_category","embeddable":true,"href":"https:\/\/wishyourlife.de\/en\/wp-json\/wp\/v2\/difl_page_category?post=148"}],"curies":[{"name":"wp","href":"https:\/\/api.w.org\/{rel}","templated":true}]}}